{"id":1055,"date":"2019-12-06T13:43:36","date_gmt":"2019-12-06T12:43:36","guid":{"rendered":"http:\/\/zs.wolczyn.pl\/lo\/?page_id=1055"},"modified":"2020-07-22T13:55:59","modified_gmt":"2020-07-22T11:55:59","slug":"kontakt","status":"publish","type":"page","link":"http:\/\/zs.wolczyn.pl\/lo\/informacje-o-szkole\/kontakt\/","title":{"rendered":"Kontakt"},"content":{"rendered":"<p><strong>LICEUM OG\u00d3LNOKSZTA\u0141C\u0104CE W WO\u0141CZYNIE<\/strong><\/p>\n<p>46-250 Wo\u0142czyn, ul. Rzeczna 6<\/p>\n<p>NIP 751-17-17-441, REGON 160088114<\/p>\n<p>tel.\/fax 077 407 21 80<\/p>\n<p>e-mail:&nbsp;<span id=\"cloak63422\"><a href=\"mailto:sekretariat@glzs.wolczyn.pl\">sekretariat@zs.wolczyn.pl<\/a><\/span><\/p>\n","protected":false},"excerpt":{"rendered":"<p>LICEUM OG\u00d3LNOKSZTA\u0141C\u0104CE W WO\u0141CZYNIE 46-250 Wo\u0142czyn, ul. Rzeczna 6 NIP 751-17-17-441, REGON 160088114 tel.\/fax 077 407 21 80 e-mail:&nbsp;sekretariat@zs.wolczyn.pl<\/p>\n","protected":false},"author":1,"featured_media":0,"parent":853,"menu_order":0,"comment_status":"closed","ping_status":"closed","template":"","meta":{"ngg_post_thumbnail":0,"footnotes":""},"class_list":["post-1055","page","type-page","status-publish","hentry"],"_links":{"self":[{"href":"http:\/\/zs.wolczyn.pl\/lo\/wp-json\/wp\/v2\/pages\/1055"}],"collection":[{"href":"http:\/\/zs.wolczyn.pl\/lo\/wp-json\/wp\/v2\/pages"}],"about":[{"href":"http:\/\/zs.wolczyn.pl\/lo\/wp-json\/wp\/v2\/types\/page"}],"author":[{"embeddable":true,"href":"http:\/\/zs.wolczyn.pl\/lo\/wp-json\/wp\/v2\/users\/1"}],"replies":[{"embeddable":true,"href":"http:\/\/zs.wolczyn.pl\/lo\/wp-json\/wp\/v2\/comments?post=1055"}],"version-history":[{"count":4,"href":"http:\/\/zs.wolczyn.pl\/lo\/wp-json\/wp\/v2\/pages\/1055\/revisions"}],"predecessor-version":[{"id":2053,"href":"http:\/\/zs.wolczyn.pl\/lo\/wp-json\/wp\/v2\/pages\/1055\/revisions\/2053"}],"up":[{"embeddable":true,"href":"http:\/\/zs.wolczyn.pl\/lo\/wp-json\/wp\/v2\/pages\/853"}],"wp:attachment":[{"href":"http:\/\/zs.wolczyn.pl\/lo\/wp-json\/wp\/v2\/media?parent=1055"}],"curies":[{"name":"wp","href":"https:\/\/api.w.org\/{rel}","templated":true}]}}