{"id":528,"date":"2019-11-14T09:07:25","date_gmt":"2019-11-14T09:07:25","guid":{"rendered":"http:\/\/zs.wolczyn.pl\/lo\/?page_id=528"},"modified":"2025-02-13T11:14:55","modified_gmt":"2025-02-13T10:14:55","slug":"wspolpraca-z-uczelniami-wyzszymi","status":"publish","type":"page","link":"http:\/\/zs.wolczyn.pl\/lo\/wspolpraca-z-uczelniami-wyzszymi\/","title":{"rendered":"Wsp\u00f3\u0142praca z uczelniami"},"content":{"rendered":"<p lang=\"pl-PL\" align=\"justify\">Nasze liceum od pocz\u0105tku istnienia poszerza swoj\u0105 ofert\u0119 edukacyjn\u0105, wsp\u00f3\u0142pracuj\u0105c z uczelniami wy\u017cszymi oraz stwarza uczniom jak najlepsze warunki do pog\u0142\u0119biania wiedzy z r\u00f3\u017cnych dziedzin nauki. Dzi\u0119ki staraniom dyrekcji oraz nauczycieli uczniowie mog\u0105 uczestniczy\u0107 w wielu wyk\u0142adach prowadzonych przez pracownik\u00f3w naukowych uczelni zar\u00f3wno na terenie szko\u0142y jak i w salach wyk\u0142adowych uczelni wy\u017cszych. Obecnie posiadamy porozumienie o wsp\u00f3\u0142pracy z <b>Akademi\u0105 Wychowania Fizycznego we Wroc\u0142awiu, Wydzia\u0142em Nauk Spo\u0142ecznych Uniwersytetu Wroc\u0142awskiego, Uniwersytetem Przyrodniczym we Wroc\u0142awiu, Politechnik\u0105 Opolsk\u0105 oraz Wydzia\u0142em Filologicznym Uniwersytetu Opolskiego. <\/b>Poprzez zaj\u0119cia, prowadzone przez pracownik\u00f3w naukowych uczelni, zapewniona zasta\u0142a uczniom wysoka jako\u015b\u0107 kszta\u0142cenia, dzi\u0119ki stosowaniu najlepszych rozwi\u0105za\u0144 w sferze organizacji i realizacji procesu nauczania.<\/p>\n<p lang=\"pl-PL\" align=\"justify\">Uczniowie staj\u0105 si\u0119 bardziej \u015bwiadomi znaczenia nauki w planowaniu ich dalszej kariery zawodowej, co przyczynia si\u0119 do osi\u0105gni\u0119cia przez nich sukces\u00f3w edukacyjnych oraz rozwijania zdolno\u015bci i zainteresowa\u0144.<\/p>\n<p lang=\"pl-PL\" align=\"justify\"><a href=\"https:\/\/uwr.edu.pl\/\" target=\"_blank\" rel=\"noopener\"><img decoding=\"async\" class=\"aligncenter wp-image-1996 size-medium\" src=\"http:\/\/zs.wolczyn.pl\/lo\/wp-content\/uploads\/2020\/06\/uniwersytet-wroc\u0142awski3-300x96.png\" alt=\"\" width=\"300\" height=\"96\" srcset=\"http:\/\/zs.wolczyn.pl\/lo\/wp-content\/uploads\/2020\/06\/uniwersytet-wroc\u0142awski3-300x96.png 300w, http:\/\/zs.wolczyn.pl\/lo\/wp-content\/uploads\/2020\/06\/uniwersytet-wroc\u0142awski3-768x246.png 768w, http:\/\/zs.wolczyn.pl\/lo\/wp-content\/uploads\/2020\/06\/uniwersytet-wroc\u0142awski3.png 930w\" sizes=\"(max-width: 300px) 100vw, 300px\" \/><\/a><\/p>\n<p lang=\"pl-PL\" align=\"justify\"><a href=\"https:\/\/upwr.edu.pl\/\" target=\"_blank\" rel=\"noopener\"><img decoding=\"async\" class=\"wp-image-2006 size-thumbnail aligncenter\" src=\"http:\/\/zs.wolczyn.pl\/lo\/wp-content\/uploads\/2020\/06\/uniwersytet-przyrodniczy-Wroc\u0142aw2-150x150.png\" alt=\"\" width=\"150\" height=\"150\"><\/a><a href=\"https:\/\/po.edu.pl\/\" target=\"_blank\" rel=\"noopener\"><img decoding=\"async\" class=\"aligncenter wp-image-8091 size-thumbnail\" src=\"http:\/\/zs.wolczyn.pl\/lo\/wp-content\/uploads\/2025\/02\/logo-PO-150x150.png\" alt=\"\" width=\"150\" height=\"150\"><\/a><a href=\"https:\/\/uni.opole.pl\/\" target=\"_blank\" rel=\"noopener\"><img loading=\"lazy\" decoding=\"async\" class=\"aligncenter wp-image-8093 size-thumbnail\" src=\"http:\/\/zs.wolczyn.pl\/lo\/wp-content\/uploads\/2025\/02\/Uniwersytet-opolski_1-150x150.png\" alt=\"\" width=\"150\" height=\"150\"><\/a><\/p>\n<p lang=\"pl-PL\" align=\"justify\"><a href=\"https:\/\/awf.wroc.pl\/\" target=\"_blank\" rel=\"noopener\"><img loading=\"lazy\" decoding=\"async\" class=\"wp-image-1997 size-thumbnail aligncenter\" src=\"http:\/\/zs.wolczyn.pl\/lo\/wp-content\/uploads\/2020\/06\/AWF-Wroc\u0142aw-150x150.png\" alt=\"\" width=\"150\" height=\"150\" srcset=\"http:\/\/zs.wolczyn.pl\/lo\/wp-content\/uploads\/2020\/06\/AWF-Wroc\u0142aw-150x150.png 150w, http:\/\/zs.wolczyn.pl\/lo\/wp-content\/uploads\/2020\/06\/AWF-Wroc\u0142aw-300x300.png 300w, http:\/\/zs.wolczyn.pl\/lo\/wp-content\/uploads\/2020\/06\/AWF-Wroc\u0142aw.png 511w\" sizes=\"(max-width: 150px) 100vw, 150px\" \/><\/a><\/p>\n\n\n<p><\/p>\n","protected":false},"excerpt":{"rendered":"<p>Nasze liceum od pocz\u0105tku istnienia poszerza swoj\u0105 ofert\u0119 edukacyjn\u0105, wsp\u00f3\u0142pracuj\u0105c z uczelniami wy\u017cszymi oraz stwarza uczniom jak najlepsze warunki do <a href=\"http:\/\/zs.wolczyn.pl\/lo\/wspolpraca-z-uczelniami-wyzszymi\/\" class=\"read-more\">Czytaj dalej &#8230;<\/a><\/p>\n","protected":false},"author":1,"featured_media":0,"parent":0,"menu_order":0,"comment_status":"closed","ping_status":"closed","template":"","meta":{"ngg_post_thumbnail":0,"footnotes":""},"class_list":["post-528","page","type-page","status-publish","hentry"],"_links":{"self":[{"href":"http:\/\/zs.wolczyn.pl\/lo\/wp-json\/wp\/v2\/pages\/528"}],"collection":[{"href":"http:\/\/zs.wolczyn.pl\/lo\/wp-json\/wp\/v2\/pages"}],"about":[{"href":"http:\/\/zs.wolczyn.pl\/lo\/wp-json\/wp\/v2\/types\/page"}],"author":[{"embeddable":true,"href":"http:\/\/zs.wolczyn.pl\/lo\/wp-json\/wp\/v2\/users\/1"}],"replies":[{"embeddable":true,"href":"http:\/\/zs.wolczyn.pl\/lo\/wp-json\/wp\/v2\/comments?post=528"}],"version-history":[{"count":10,"href":"http:\/\/zs.wolczyn.pl\/lo\/wp-json\/wp\/v2\/pages\/528\/revisions"}],"predecessor-version":[{"id":8138,"href":"http:\/\/zs.wolczyn.pl\/lo\/wp-json\/wp\/v2\/pages\/528\/revisions\/8138"}],"wp:attachment":[{"href":"http:\/\/zs.wolczyn.pl\/lo\/wp-json\/wp\/v2\/media?parent=528"}],"curies":[{"name":"wp","href":"https:\/\/api.w.org\/{rel}","templated":true}]}}