{"id":537,"date":"2019-11-14T09:51:21","date_gmt":"2019-11-14T09:51:21","guid":{"rendered":"http:\/\/zs.wolczyn.pl\/lo\/?page_id=537"},"modified":"2024-12-20T08:26:20","modified_gmt":"2024-12-20T07:26:20","slug":"samorzad-uczniowski","status":"publish","type":"page","link":"http:\/\/zs.wolczyn.pl\/lo\/samorzad-uczniowski\/","title":{"rendered":"Samorz\u0105d Uczniowski"},"content":{"rendered":"<p style=\"text-align: center;\">Samorz\u0105d Uczniowski stanowi nieod\u0142\u0105czn\u0105 cz\u0119\u015b\u0107 naszej szko\u0142y. Tworz\u0105 go wszyscy uczniowie i wszyscy oni posiadaj\u0105 prawo do dzia\u0142ania w szkole i w \u015brodowisku lokalnym. Samorz\u0105d nadaje szkole wymiar instytucji demokratycznej i obywatelskiej.<\/p>\n<p style=\"text-align: center;\">Dzia\u0142alno\u015b\u0107 samorz\u0105du uczniowskiego w naszej szkole to praca zespo\u0142owa spo\u0142eczno\u015bci uczniowskiej i&nbsp;opiekun\u00f3w. Inicjujemy i organizujemy wiele akcji, imprez szkolnych, kt\u00f3re wynikaj\u0105 z przygotowanego planu pracy samorz\u0105du. Jeste\u015bmy zawsze otwarci na nowe pomys\u0142y, na wsp\u00f3\u0142prac\u0119 z naszymi r\u00f3wie\u015bnikami. Zawsze mo\u017cna do nas przyj\u015b\u0107 z problemami czy w\u0105tpliwo\u015bciami.<\/p>\n<p style=\"text-align: center;\">Mamy nadziej\u0119, \u017ce w\u015br\u00f3d was nie zabraknie os\u00f3b aktywnych, tw\u00f3rczych i ch\u0119tnych, aby dzia\u0142a\u0107 w&nbsp;samorz\u0105dzie uczniowskim naszej szko\u0142y.<\/p>\n<p style=\"text-align: center;\">Ty, Twoje kole\u017canki i koledzy \u2013 wszyscy jeste\u015bcie cz\u0142onkami samorz\u0105du uczniowskiego i macie prawo anga\u017cowa\u0107 si\u0119 w jego prace \u2013 niezale\u017cnie od tego, czy zostali\u015bcie wybrani do zarz\u0105du SU, na gospodarza klasy czy po prostu macie ciekawy pomys\u0142 na dzia\u0142anie w szkole lub poza ni\u0105.<\/p>\n<p>&nbsp;<\/p>\n<p><a href=\"http:\/\/zs.wolczyn.pl\/lo\/wp-content\/uploads\/2024\/10\/ZSW0232-scaled.jpg\"><img fetchpriority=\"high\" decoding=\"async\" class=\"aligncenter size-large wp-image-7667\" src=\"http:\/\/zs.wolczyn.pl\/lo\/wp-content\/uploads\/2024\/10\/ZSW0232-1024x683.jpg\" alt=\"\" width=\"640\" height=\"427\" srcset=\"http:\/\/zs.wolczyn.pl\/lo\/wp-content\/uploads\/2024\/10\/ZSW0232-1024x683.jpg 1024w, http:\/\/zs.wolczyn.pl\/lo\/wp-content\/uploads\/2024\/10\/ZSW0232-300x200.jpg 300w, http:\/\/zs.wolczyn.pl\/lo\/wp-content\/uploads\/2024\/10\/ZSW0232-768x512.jpg 768w, http:\/\/zs.wolczyn.pl\/lo\/wp-content\/uploads\/2024\/10\/ZSW0232-1536x1025.jpg 1536w, http:\/\/zs.wolczyn.pl\/lo\/wp-content\/uploads\/2024\/10\/ZSW0232-2048x1367.jpg 2048w\" sizes=\"(max-width: 640px) 100vw, 640px\" \/><\/a><\/p>\n<p><a href=\"http:\/\/zs.wolczyn.pl\/lo\/?page_id=803\">Sk\u0142ad Rady Samorz\u0105du Uczniowskiego w roku szkolnym 2024\/2025<\/a><\/p>\n<p><a href=\"http:\/\/zs.wolczyn.pl\/lo\/?page_id=811\">Tr\u00f3jki klasowe i wychowawcy<\/a><br \/>\n<a href=\"http:\/\/zs.wolczyn.pl\/lo\/plan-pracy-samorzadu-uczniowskiego-lo-na-rok-szkolny-2021-2022\/\">Plan pracy Samorz\u0105du Uczniowskiego<\/a><\/p>\n","protected":false},"excerpt":{"rendered":"<p>Samorz\u0105d Uczniowski stanowi nieod\u0142\u0105czn\u0105 cz\u0119\u015b\u0107 naszej szko\u0142y. Tworz\u0105 go wszyscy uczniowie i wszyscy oni posiadaj\u0105 prawo do dzia\u0142ania w szkole <a href=\"http:\/\/zs.wolczyn.pl\/lo\/samorzad-uczniowski\/\" class=\"read-more\">Czytaj dalej &#8230;<\/a><\/p>\n","protected":false},"author":1,"featured_media":0,"parent":0,"menu_order":0,"comment_status":"closed","ping_status":"closed","template":"","meta":{"ngg_post_thumbnail":0,"footnotes":""},"class_list":["post-537","page","type-page","status-publish","hentry"],"_links":{"self":[{"href":"http:\/\/zs.wolczyn.pl\/lo\/wp-json\/wp\/v2\/pages\/537"}],"collection":[{"href":"http:\/\/zs.wolczyn.pl\/lo\/wp-json\/wp\/v2\/pages"}],"about":[{"href":"http:\/\/zs.wolczyn.pl\/lo\/wp-json\/wp\/v2\/types\/page"}],"author":[{"embeddable":true,"href":"http:\/\/zs.wolczyn.pl\/lo\/wp-json\/wp\/v2\/users\/1"}],"replies":[{"embeddable":true,"href":"http:\/\/zs.wolczyn.pl\/lo\/wp-json\/wp\/v2\/comments?post=537"}],"version-history":[{"count":27,"href":"http:\/\/zs.wolczyn.pl\/lo\/wp-json\/wp\/v2\/pages\/537\/revisions"}],"predecessor-version":[{"id":7895,"href":"http:\/\/zs.wolczyn.pl\/lo\/wp-json\/wp\/v2\/pages\/537\/revisions\/7895"}],"wp:attachment":[{"href":"http:\/\/zs.wolczyn.pl\/lo\/wp-json\/wp\/v2\/media?parent=537"}],"curies":[{"name":"wp","href":"https:\/\/api.w.org\/{rel}","templated":true}]}}