{"id":5477,"date":"2023-01-23T11:43:47","date_gmt":"2023-01-23T10:43:47","guid":{"rendered":"http:\/\/zs.wolczyn.pl\/lo\/?page_id=5477"},"modified":"2025-05-20T08:28:14","modified_gmt":"2025-05-20T06:28:14","slug":"patronat-politechniki-opolskiej-nad-klasa-1a-lo","status":"publish","type":"page","link":"http:\/\/zs.wolczyn.pl\/lo\/patronat-politechniki-opolskiej-nad-klasa-1a-lo\/","title":{"rendered":"Patronat Politechniki Opolskiej nad klas\u0105 1A LO"},"content":{"rendered":"<div class=\"x11i5rnm xat24cr x1mh8g0r x1vvkbs xdj266r x126k92a\">\n<div dir=\"auto\">W dniu 10 stycznia 2023 w naszym Zespole Szk\u00f3\u0142 mia\u0142a miejsce uroczysto\u015b\u0107 podpisania umowy o obj\u0119ciu patronatem przez Politechnik\u0119 Opolsk\u0105 klasy 1A Liceum Og\u00f3lnokszta\u0142c\u0105cego o profilu matematycznym. Go\u015bcili\u015bmy m.in. Jego Magnificencj\u0119 Rektora Politechniki Opolskiej Pana dr. hab. in\u017c. Marcina Lorenca, kt\u00f3ry wraz z Pani\u0105 Dyrektor Ew\u0105 W\u0142os podpisywa\u0142 umow\u0119, Kuratora Opolskiego Pana Micha\u0142a Sieka, Burmistrza Wo\u0142czyna Pana Jana Leszka Wi\u0105cka oraz wielu innych znamienitych go\u015bci. W trakcie uroczysto\u015bci mogli\u015bmy wys\u0142ucha\u0107 ciekawych wyk\u0142ad\u00f3w dotycz\u0105cych Matematyki jako kr\u00f3lowej nauk, kt\u00f3re przedstawili: nauczyciel matematyki rozszerzonej Pan Piotr Pawlikowski oraz ucze\u0144 klasy III LO Kacper Klimowicz.<\/div>\n<div dir=\"auto\">Wsp\u00f3\u0142praca w ramach patronatu b\u0119dzie odbywa\u0142a si\u0119 w zakresie:<\/div>\n<div dir=\"auto\">&#8211; doskonalenia umiej\u0119tno\u015bci oraz rozbudzania zami\u0142owania do nauk \u015bcis\u0142ych w\u015br\u00f3d uczni\u00f3w naszego Liceum,<\/div>\n<div dir=\"auto\">&#8211; odkrywania uczni\u00f3w o wybitnych zdolno\u015bciach,<\/div>\n<div dir=\"auto\">&#8211; popularyzacji wiedzy,<\/div>\n<div dir=\"auto\">&#8211; stymulowania aktywno\u015bci poznawczej m\u0142odzie\u017cy szkolnej,<\/div>\n<div dir=\"auto\">&#8211; podnoszenia kompetencji o kluczowym znaczeniu dla dalszej edukacji, rozumianych jako wiedza w zakresie przedmiot\u00f3w matematyczno-przyrodniczych i umiej\u0119tno\u015bci wykorzystywania technologi informacyjnej dla cel\u00f3w edukacyjnych,<\/div>\n<div dir=\"auto\">-prezentowania praktycznych aspekt\u00f3w wiedzy,<\/div>\n<div dir=\"auto\">&nbsp;<\/div>\n<\/div>\n","protected":false},"excerpt":{"rendered":"<p>W dniu 10 stycznia 2023 w naszym Zespole Szk\u00f3\u0142 mia\u0142a miejsce uroczysto\u015b\u0107 podpisania umowy o obj\u0119ciu patronatem przez Politechnik\u0119 Opolsk\u0105 <a href=\"http:\/\/zs.wolczyn.pl\/lo\/patronat-politechniki-opolskiej-nad-klasa-1a-lo\/\" class=\"read-more\">Czytaj dalej &#8230;<\/a><\/p>\n","protected":false},"author":1,"featured_media":8607,"parent":0,"menu_order":0,"comment_status":"closed","ping_status":"closed","template":"","meta":{"ngg_post_thumbnail":0,"footnotes":""},"class_list":["post-5477","page","type-page","status-publish","has-post-thumbnail","hentry"],"_links":{"self":[{"href":"http:\/\/zs.wolczyn.pl\/lo\/wp-json\/wp\/v2\/pages\/5477"}],"collection":[{"href":"http:\/\/zs.wolczyn.pl\/lo\/wp-json\/wp\/v2\/pages"}],"about":[{"href":"http:\/\/zs.wolczyn.pl\/lo\/wp-json\/wp\/v2\/types\/page"}],"author":[{"embeddable":true,"href":"http:\/\/zs.wolczyn.pl\/lo\/wp-json\/wp\/v2\/users\/1"}],"replies":[{"embeddable":true,"href":"http:\/\/zs.wolczyn.pl\/lo\/wp-json\/wp\/v2\/comments?post=5477"}],"version-history":[{"count":3,"href":"http:\/\/zs.wolczyn.pl\/lo\/wp-json\/wp\/v2\/pages\/5477\/revisions"}],"predecessor-version":[{"id":5481,"href":"http:\/\/zs.wolczyn.pl\/lo\/wp-json\/wp\/v2\/pages\/5477\/revisions\/5481"}],"wp:featuredmedia":[{"embeddable":true,"href":"http:\/\/zs.wolczyn.pl\/lo\/wp-json\/wp\/v2\/media\/8607"}],"wp:attachment":[{"href":"http:\/\/zs.wolczyn.pl\/lo\/wp-json\/wp\/v2\/media?parent=5477"}],"curies":[{"name":"wp","href":"https:\/\/api.w.org\/{rel}","templated":true}]}}