{"id":803,"date":"2019-11-29T12:34:06","date_gmt":"2019-11-29T11:34:06","guid":{"rendered":"http:\/\/zs.wolczyn.pl\/lo\/?page_id=803"},"modified":"2024-10-18T15:15:19","modified_gmt":"2024-10-18T13:15:19","slug":"sklad-zarzadu-samorzadu-uczniowskiego","status":"publish","type":"page","link":"http:\/\/zs.wolczyn.pl\/lo\/samorzad-uczniowski\/sklad-zarzadu-samorzadu-uczniowskiego\/","title":{"rendered":"Sk\u0142ad Rady Samorz\u0105du Uczniowskiego"},"content":{"rendered":"<p><u>przewodnicz\u0105ca<\/u> \u2013 <strong>Wiktoria Sroka \u2013 kl. III A<br \/>\n<\/strong><\/p>\n<p><u>zast\u0119pca przewodnicz\u0105cej <\/u>\u2013 <strong>Szymon Zaczyk \u2013 kl. III B<br \/>\n<\/strong><\/p>\n<p><u>sekretarz<\/u>&nbsp;\u2013<strong> Marcelina Majewicz \u2013 kl. II<br \/>\n<\/strong><\/p>\n<p><u>skarbnik <\/u>\u2013 <strong>Szymon Choj\u0119ta<\/strong> \u2013 <strong>kl. III B<\/strong><\/p>\n<p><u>cz\u0142onek <\/u>\u2013 <strong>Hanna Tyszecka<\/strong> \u2013 <strong>kl. II <\/strong><\/p>\n<p><u>cz\u0142onek <\/u>\u2013 <strong>Jakub Winkowski<\/strong> \u2013 <strong>kl. III B <\/strong><\/p>\n<p><strong>&nbsp;<\/strong><\/p>\n<p>Samorz\u0105dem Uczniowskim opiekuj\u0105 si\u0119:<\/p>\n<p>mgr <strong>Henryk Welc<br \/>\n<\/strong><\/p>\n<p>mgr <strong>Monika Poparda<\/strong><\/p>\n","protected":false},"excerpt":{"rendered":"<p>przewodnicz\u0105ca \u2013 Wiktoria Sroka \u2013 kl. III A zast\u0119pca przewodnicz\u0105cej \u2013 Szymon Zaczyk \u2013 kl. III B sekretarz&nbsp;\u2013 Marcelina Majewicz <a href=\"http:\/\/zs.wolczyn.pl\/lo\/samorzad-uczniowski\/sklad-zarzadu-samorzadu-uczniowskiego\/\" class=\"read-more\">Czytaj dalej &#8230;<\/a><\/p>\n","protected":false},"author":1,"featured_media":0,"parent":537,"menu_order":0,"comment_status":"closed","ping_status":"closed","template":"","meta":{"ngg_post_thumbnail":0,"footnotes":""},"class_list":["post-803","page","type-page","status-publish","hentry"],"_links":{"self":[{"href":"http:\/\/zs.wolczyn.pl\/lo\/wp-json\/wp\/v2\/pages\/803"}],"collection":[{"href":"http:\/\/zs.wolczyn.pl\/lo\/wp-json\/wp\/v2\/pages"}],"about":[{"href":"http:\/\/zs.wolczyn.pl\/lo\/wp-json\/wp\/v2\/types\/page"}],"author":[{"embeddable":true,"href":"http:\/\/zs.wolczyn.pl\/lo\/wp-json\/wp\/v2\/users\/1"}],"replies":[{"embeddable":true,"href":"http:\/\/zs.wolczyn.pl\/lo\/wp-json\/wp\/v2\/comments?post=803"}],"version-history":[{"count":15,"href":"http:\/\/zs.wolczyn.pl\/lo\/wp-json\/wp\/v2\/pages\/803\/revisions"}],"predecessor-version":[{"id":7669,"href":"http:\/\/zs.wolczyn.pl\/lo\/wp-json\/wp\/v2\/pages\/803\/revisions\/7669"}],"up":[{"embeddable":true,"href":"http:\/\/zs.wolczyn.pl\/lo\/wp-json\/wp\/v2\/pages\/537"}],"wp:attachment":[{"href":"http:\/\/zs.wolczyn.pl\/lo\/wp-json\/wp\/v2\/media?parent=803"}],"curies":[{"name":"wp","href":"https:\/\/api.w.org\/{rel}","templated":true}]}}