{"id":811,"date":"2019-11-29T13:47:54","date_gmt":"2019-11-29T12:47:54","guid":{"rendered":"http:\/\/zs.wolczyn.pl\/lo\/?page_id=811"},"modified":"2024-10-18T12:15:26","modified_gmt":"2024-10-18T10:15:26","slug":"trojki-klasowe-i-wychowawcy","status":"publish","type":"page","link":"http:\/\/zs.wolczyn.pl\/lo\/samorzad-uczniowski\/trojki-klasowe-i-wychowawcy\/","title":{"rendered":"Tr\u00f3jki klasowe i wychowawcy"},"content":{"rendered":"<p style=\"margin: 0cm; margin-bottom: .0001pt; background: white;\"><strong><span style=\"font-size: 10.5pt; font-family: 'Arial',sans-serif; color: #555555;\">Klasa II <\/span><\/strong><\/p>\n<p style=\"margin: 0cm; margin-bottom: .0001pt; background: white;\"><span style=\"font-size: 10.5pt; font-family: 'Arial',sans-serif; color: #555555;\">wychowawca:<\/span><span style=\"font-size: 10.5pt; font-family: 'Arial',sans-serif; color: #555555;\"> Henryk Welc<\/span><\/p>\n<p style=\"margin: 0cm; margin-bottom: .0001pt; background: white;\"><span style=\"font-size: 10.5pt; font-family: 'Arial',sans-serif; color: #555555;\">przewodnicz\u0105ca: Natalia Staszk\u00f3w<br \/>\n<\/span><\/p>\n<p style=\"margin: 0cm; margin-bottom: .0001pt; background: white;\"><span style=\"font-size: 10.5pt; font-family: 'Arial',sans-serif; color: #555555;\">zast\u0119pca: Karol Szpak<br \/>\n<\/span><\/p>\n<p style=\"margin: 0cm; margin-bottom: .0001pt; background: white;\"><span style=\"font-size: 10.5pt; font-family: 'Arial',sans-serif; color: #555555;\">skarbnik: Marcelina Majewicz<br \/>\n<\/span><\/p>\n<p style=\"margin: 0cm; margin-bottom: .0001pt; background: white;\">&nbsp;<\/p>\n<p style=\"margin: 0cm; margin-bottom: .0001pt; background: white;\"><strong><span style=\"font-size: 10.5pt; font-family: 'Arial',sans-serif; color: #555555;\">Klasa<\/span><span style=\"font-size: 10.5pt; font-family: 'Arial',sans-serif; color: #555555;\"> III A <\/span><\/strong><\/p>\n<p style=\"margin: 0cm; margin-bottom: .0001pt; background: white;\"><span style=\"font-size: 10.5pt; font-family: 'Arial',sans-serif; color: #555555;\">wychowawczyni: Franciszka \u0141\u0119czy\u0144ska<br \/>\n<\/span><\/p>\n<p style=\"margin: 0cm; margin-bottom: .0001pt; background: white;\"><span style=\"font-size: 10.5pt; font-family: 'Arial',sans-serif; color: #555555;\">przewodnicz\u0105ca: Paulina Siry<br \/>\n<\/span><\/p>\n<p style=\"margin: 0cm; margin-bottom: .0001pt; background: white;\"><span style=\"font-size: 10.5pt; font-family: 'Arial',sans-serif; color: #555555;\">zast\u0119pca przewodnicz\u0105cej: Kacper Bojko<br \/>\n<\/span><\/p>\n<p style=\"margin: 0cm; margin-bottom: .0001pt; background: white;\"><span style=\"font-size: 10.5pt; font-family: 'Arial',sans-serif; color: #555555;\">skarbnik: Wiktoria Sroka<br \/>\n<\/span><\/p>\n<p style=\"margin: 0cm; margin-bottom: .0001pt; background: white;\"><span style=\"font-size: 10.5pt; font-family: 'Arial',sans-serif; color: #555555;\">&nbsp;<br \/>\n<\/span><\/p>\n<p style=\"margin: 0cm; margin-bottom: .0001pt; background: white;\"><strong><span style=\"font-size: 10.5pt; font-family: 'Arial',sans-serif; color: #555555;\">Klasa III B <\/span><\/strong><\/p>\n<p style=\"margin: 0cm; margin-bottom: .0001pt; background: white;\"><span style=\"font-size: 10.5pt; font-family: 'Arial',sans-serif; color: #555555;\">wychowawczyni: Bernadeta Mioska-Hury<br \/>\n<\/span><\/p>\n<p style=\"margin: 0cm; margin-bottom: .0001pt; background: white;\"><span style=\"font-size: 10.5pt; font-family: 'Arial',sans-serif; color: #555555;\">przewodnicz\u0105ca: Kaja S\u0142owi\u0144ska<br \/>\n<\/span><\/p>\n<p style=\"margin: 0cm; margin-bottom: .0001pt; background: white;\"><span style=\"font-size: 10.5pt; font-family: 'Arial',sans-serif; color: #555555;\">zast\u0119pca przewodnicz\u0105cej: Jakub Winkowski<br \/>\n<\/span><\/p>\n<p style=\"margin: 0cm; margin-bottom: .0001pt; background: white;\"><span style=\"font-size: 10.5pt; font-family: 'Arial',sans-serif; color: #555555;\">skarbnik: Kamil Berezowski<br \/>\n<\/span><\/p>\n<p style=\"margin: 0cm; margin-bottom: .0001pt; background: white;\"><span style=\"font-size: 10.5pt; font-family: 'Arial',sans-serif; color: #555555;\">&nbsp;<\/span><\/p>\n<p style=\"margin: 0cm; margin-bottom: .0001pt; background: white;\"><strong><span style=\"font-size: 10.5pt; font-family: 'Arial',sans-serif; color: #555555;\">Klasa IV <\/span><\/strong><\/p>\n<p style=\"margin: 0cm; margin-bottom: .0001pt; background: white;\"><span style=\"font-size: 10.5pt; font-family: 'Arial',sans-serif; color: #555555;\">wychowawczyni: Anna Weso\u0142owska<\/span><\/p>\n<p style=\"margin: 0cm; margin-bottom: .0001pt; background: white;\"><span style=\"font-size: 10.5pt; font-family: 'Arial',sans-serif; color: #555555;\">przewodnicz\u0105ca: Zuzanna \u015apiewak<br \/>\n<\/span><\/p>\n<p style=\"margin: 0cm; margin-bottom: .0001pt; background: white;\"><span style=\"font-size: 10.5pt; font-family: 'Arial',sans-serif; color: #555555;\">zast\u0119pczyni przewodnicz\u0105cej: Kinga Garbowska<br \/>\n<\/span><\/p>\n<p style=\"margin: 0cm; margin-bottom: .0001pt; background: white;\"><span style=\"font-size: 10.5pt; font-family: 'Arial',sans-serif; color: #555555;\">skarbnik: Daniel Gancarz<br \/>\n<\/span><\/p>\n<p style=\"margin: 0cm; margin-bottom: .0001pt; background: white;\"><span style=\"font-size: 10.5pt; font-family: 'Arial',sans-serif; color: #555555;\">&nbsp;<\/span><\/p>\n","protected":false},"excerpt":{"rendered":"<p>Klasa II wychowawca: Henryk Welc przewodnicz\u0105ca: Natalia Staszk\u00f3w zast\u0119pca: Karol Szpak skarbnik: Marcelina Majewicz &nbsp; Klasa III A wychowawczyni: Franciszka <a href=\"http:\/\/zs.wolczyn.pl\/lo\/samorzad-uczniowski\/trojki-klasowe-i-wychowawcy\/\" class=\"read-more\">Czytaj dalej &#8230;<\/a><\/p>\n","protected":false},"author":1,"featured_media":0,"parent":537,"menu_order":1,"comment_status":"closed","ping_status":"closed","template":"","meta":{"ngg_post_thumbnail":0,"footnotes":""},"class_list":["post-811","page","type-page","status-publish","hentry"],"_links":{"self":[{"href":"http:\/\/zs.wolczyn.pl\/lo\/wp-json\/wp\/v2\/pages\/811"}],"collection":[{"href":"http:\/\/zs.wolczyn.pl\/lo\/wp-json\/wp\/v2\/pages"}],"about":[{"href":"http:\/\/zs.wolczyn.pl\/lo\/wp-json\/wp\/v2\/types\/page"}],"author":[{"embeddable":true,"href":"http:\/\/zs.wolczyn.pl\/lo\/wp-json\/wp\/v2\/users\/1"}],"replies":[{"embeddable":true,"href":"http:\/\/zs.wolczyn.pl\/lo\/wp-json\/wp\/v2\/comments?post=811"}],"version-history":[{"count":10,"href":"http:\/\/zs.wolczyn.pl\/lo\/wp-json\/wp\/v2\/pages\/811\/revisions"}],"predecessor-version":[{"id":7666,"href":"http:\/\/zs.wolczyn.pl\/lo\/wp-json\/wp\/v2\/pages\/811\/revisions\/7666"}],"up":[{"embeddable":true,"href":"http:\/\/zs.wolczyn.pl\/lo\/wp-json\/wp\/v2\/pages\/537"}],"wp:attachment":[{"href":"http:\/\/zs.wolczyn.pl\/lo\/wp-json\/wp\/v2\/media?parent=811"}],"curies":[{"name":"wp","href":"https:\/\/api.w.org\/{rel}","templated":true}]}}