{"id":967,"date":"2019-12-05T13:50:46","date_gmt":"2019-12-05T12:50:46","guid":{"rendered":"http:\/\/zs.wolczyn.pl\/lo\/?page_id=967"},"modified":"2025-05-20T11:11:23","modified_gmt":"2025-05-20T09:11:23","slug":"nasze-liceum","status":"publish","type":"page","link":"http:\/\/zs.wolczyn.pl\/lo\/nasze-liceum\/","title":{"rendered":"Nasze Liceum"},"content":{"rendered":"<p>W naszym liceum do\u0142\u0105czysz do zespo\u0142u uczni\u00f3w i nauczycieli, w kt\u00f3rym nie b\u0119dziesz anonimowy. Uzyskasz wsparcie, przyjazn\u0105 atmosfer\u0119 i wysoki poziom bezpiecze\u0144stwa. Zaj\u0119cia z przedmiot\u00f3w w zakresie rozszerzonym prowadzone s\u0105 w ma\u0142ych grupach. U nas mo\u017cesz realizowa\u0107 swoje pasje i zainteresowania, a za swoje sukcesy w nauce, sporcie czy tw\u00f3rczo\u015bci artystycznej otrzymasz &#8222;Glorie&#8221;.&nbsp;<\/p>\n<p><iframe src=\"https:\/\/www.youtube.com\/embed\/nHAtzMYwA9o\" width=\"100%\" height=\"450\" frameborder=\"0\" allowfullscreen=\"allowfullscreen\"><\/iframe><\/p>\n","protected":false},"excerpt":{"rendered":"<p>W naszym liceum do\u0142\u0105czysz do zespo\u0142u uczni\u00f3w i nauczycieli, w kt\u00f3rym nie b\u0119dziesz anonimowy. Uzyskasz wsparcie, przyjazn\u0105 atmosfer\u0119 i wysoki <a href=\"http:\/\/zs.wolczyn.pl\/lo\/nasze-liceum\/\" class=\"read-more\">Czytaj dalej &#8230;<\/a><\/p>\n","protected":false},"author":1,"featured_media":8610,"parent":0,"menu_order":0,"comment_status":"closed","ping_status":"closed","template":"","meta":{"ngg_post_thumbnail":0,"footnotes":""},"class_list":["post-967","page","type-page","status-publish","has-post-thumbnail","hentry"],"_links":{"self":[{"href":"http:\/\/zs.wolczyn.pl\/lo\/wp-json\/wp\/v2\/pages\/967"}],"collection":[{"href":"http:\/\/zs.wolczyn.pl\/lo\/wp-json\/wp\/v2\/pages"}],"about":[{"href":"http:\/\/zs.wolczyn.pl\/lo\/wp-json\/wp\/v2\/types\/page"}],"author":[{"embeddable":true,"href":"http:\/\/zs.wolczyn.pl\/lo\/wp-json\/wp\/v2\/users\/1"}],"replies":[{"embeddable":true,"href":"http:\/\/zs.wolczyn.pl\/lo\/wp-json\/wp\/v2\/comments?post=967"}],"version-history":[{"count":14,"href":"http:\/\/zs.wolczyn.pl\/lo\/wp-json\/wp\/v2\/pages\/967\/revisions"}],"predecessor-version":[{"id":8294,"href":"http:\/\/zs.wolczyn.pl\/lo\/wp-json\/wp\/v2\/pages\/967\/revisions\/8294"}],"wp:featuredmedia":[{"embeddable":true,"href":"http:\/\/zs.wolczyn.pl\/lo\/wp-json\/wp\/v2\/media\/8610"}],"wp:attachment":[{"href":"http:\/\/zs.wolczyn.pl\/lo\/wp-json\/wp\/v2\/media?parent=967"}],"curies":[{"name":"wp","href":"https:\/\/api.w.org\/{rel}","templated":true}]}}