{"id":1251,"date":"2019-09-23T10:16:13","date_gmt":"2019-09-23T10:16:13","guid":{"rendered":"http:\/\/zs.wolczyn.pl\/sp\/?page_id=1251"},"modified":"2025-07-17T07:09:47","modified_gmt":"2025-07-17T07:09:47","slug":"uczymy-i-wychowujemy-dla-przyszlosci","status":"publish","type":"page","link":"http:\/\/zs.wolczyn.pl\/sp\/uczymy-i-wychowujemy-dla-przyszlosci\/","title":{"rendered":"Uczymy i wychowujemy dla przysz\u0142o\u015bci"},"content":{"rendered":"\n<ul class=\"wp-block-list\"><li>Dzia\u0142ania, jakie podejmujemy s\u0142u\u017c\u0105 przygotowaniu naszych uczni\u00f3w do \u017cycia w nowoczesnym, zmieniaj\u0105cym si\u0119 \u015bwiecie.<\/li><li>W naszych dzia\u0142aniach staramy si\u0119 \u0142\u0105czy\u0107 tradycje z nowoczesno\u015bci\u0105. <\/li><li>Kszta\u0142cimy i wychowujemy m\u0142odych obywateli Europy \u015bwiadomych przynale\u017cno\u015bci do rodziny, regionu, kraju, \u015bwiata. Ludzi otwartych, zdolnych do tw\u00f3rczego my\u015blenia, prawych i odpowiedzialnych, potrafi\u0105cych \u0142\u0105czy\u0107, a nie dzieli\u0107.<\/li><\/ul>\n","protected":false},"excerpt":{"rendered":"<p>Dzia\u0142ania, jakie podejmujemy s\u0142u\u017c\u0105 przygotowaniu naszych uczni\u00f3w do \u017cycia w nowoczesnym, zmieniaj\u0105cym si\u0119 \u015bwiecie. W naszych dzia\u0142aniach staramy si\u0119 \u0142\u0105czy\u0107 tradycje z nowoczesno\u015bci\u0105. Kszta\u0142cimy i wychowujemy m\u0142odych obywateli Europy \u015bwiadomych <a href=\"http:\/\/zs.wolczyn.pl\/sp\/uczymy-i-wychowujemy-dla-przyszlosci\/\" class=\"read-more\">Czytaj dalej &#8230;<\/a><\/p>\n","protected":false},"author":1,"featured_media":501,"parent":0,"menu_order":0,"comment_status":"closed","ping_status":"closed","template":"","meta":{"footnotes":""},"class_list":["post-1251","page","type-page","status-publish","has-post-thumbnail","hentry"],"_links":{"self":[{"href":"http:\/\/zs.wolczyn.pl\/sp\/wp-json\/wp\/v2\/pages\/1251","targetHints":{"allow":["GET"]}}],"collection":[{"href":"http:\/\/zs.wolczyn.pl\/sp\/wp-json\/wp\/v2\/pages"}],"about":[{"href":"http:\/\/zs.wolczyn.pl\/sp\/wp-json\/wp\/v2\/types\/page"}],"author":[{"embeddable":true,"href":"http:\/\/zs.wolczyn.pl\/sp\/wp-json\/wp\/v2\/users\/1"}],"replies":[{"embeddable":true,"href":"http:\/\/zs.wolczyn.pl\/sp\/wp-json\/wp\/v2\/comments?post=1251"}],"version-history":[{"count":1,"href":"http:\/\/zs.wolczyn.pl\/sp\/wp-json\/wp\/v2\/pages\/1251\/revisions"}],"predecessor-version":[{"id":9926,"href":"http:\/\/zs.wolczyn.pl\/sp\/wp-json\/wp\/v2\/pages\/1251\/revisions\/9926"}],"wp:featuredmedia":[{"embeddable":true,"href":"http:\/\/zs.wolczyn.pl\/sp\/wp-json\/wp\/v2\/media\/501"}],"wp:attachment":[{"href":"http:\/\/zs.wolczyn.pl\/sp\/wp-json\/wp\/v2\/media?parent=1251"}],"curies":[{"name":"wp","href":"https:\/\/api.w.org\/{rel}","templated":true}]}}