{"id":1255,"date":"2019-09-23T10:29:52","date_gmt":"2019-09-23T10:29:52","guid":{"rendered":"http:\/\/zs.wolczyn.pl\/sp\/?page_id=1255"},"modified":"2025-07-17T07:41:52","modified_gmt":"2025-07-17T07:41:52","slug":"wychowywac-to-nie-znaczy-ksztalcic-tylko-rozum","status":"publish","type":"page","link":"http:\/\/zs.wolczyn.pl\/sp\/wychowywac-to-nie-znaczy-ksztalcic-tylko-rozum\/","title":{"rendered":"Wychowywa\u0107, to nie znaczy kszta\u0142ci\u0107 tylko rozum,"},"content":{"rendered":"\n<blockquote class=\"wp-block-quote is-layout-flow wp-block-quote-is-layout-flow\"><p>lecz kszta\u0142towa\u0107 harmonijnie ca\u0142ego cz\u0142owieka, a wi\u0119c tak\u017ce jego serce i charakter.<br>Wychowywa\u0107, to znaczy r\u00f3wnie\u017c &#8211; z pokolenia na pokolenie przekazywa\u0107 warto\u015bci, kt\u00f3re nadaj\u0105 \u017cyciu sens i wype\u0142niaj\u0105 je tre\u015bci\u0105.<\/p><cite> Phil Bosmans <\/cite><\/blockquote>\n","protected":false},"excerpt":{"rendered":"<p>lecz kszta\u0142towa\u0107 harmonijnie ca\u0142ego cz\u0142owieka, a wi\u0119c tak\u017ce jego serce i charakter.Wychowywa\u0107, to znaczy r\u00f3wnie\u017c &#8211; z pokolenia na pokolenie przekazywa\u0107 warto\u015bci, kt\u00f3re nadaj\u0105 \u017cyciu sens i wype\u0142niaj\u0105 je tre\u015bci\u0105. <a href=\"http:\/\/zs.wolczyn.pl\/sp\/wychowywac-to-nie-znaczy-ksztalcic-tylko-rozum\/\" class=\"read-more\">Czytaj dalej &#8230;<\/a><\/p>\n","protected":false},"author":1,"featured_media":9928,"parent":0,"menu_order":0,"comment_status":"closed","ping_status":"closed","template":"","meta":{"footnotes":""},"class_list":["post-1255","page","type-page","status-publish","has-post-thumbnail","hentry"],"_links":{"self":[{"href":"http:\/\/zs.wolczyn.pl\/sp\/wp-json\/wp\/v2\/pages\/1255","targetHints":{"allow":["GET"]}}],"collection":[{"href":"http:\/\/zs.wolczyn.pl\/sp\/wp-json\/wp\/v2\/pages"}],"about":[{"href":"http:\/\/zs.wolczyn.pl\/sp\/wp-json\/wp\/v2\/types\/page"}],"author":[{"embeddable":true,"href":"http:\/\/zs.wolczyn.pl\/sp\/wp-json\/wp\/v2\/users\/1"}],"replies":[{"embeddable":true,"href":"http:\/\/zs.wolczyn.pl\/sp\/wp-json\/wp\/v2\/comments?post=1255"}],"version-history":[{"count":1,"href":"http:\/\/zs.wolczyn.pl\/sp\/wp-json\/wp\/v2\/pages\/1255\/revisions"}],"predecessor-version":[{"id":9925,"href":"http:\/\/zs.wolczyn.pl\/sp\/wp-json\/wp\/v2\/pages\/1255\/revisions\/9925"}],"wp:featuredmedia":[{"embeddable":true,"href":"http:\/\/zs.wolczyn.pl\/sp\/wp-json\/wp\/v2\/media\/9928"}],"wp:attachment":[{"href":"http:\/\/zs.wolczyn.pl\/sp\/wp-json\/wp\/v2\/media?parent=1255"}],"curies":[{"name":"wp","href":"https:\/\/api.w.org\/{rel}","templated":true}]}}