{"id":126,"date":"2017-12-28T10:23:40","date_gmt":"2017-12-28T10:23:40","guid":{"rendered":"https:\/\/offshorethemes.com\/demo\/educationweb\/?page_id=126"},"modified":"2019-11-25T19:33:52","modified_gmt":"2019-11-25T19:33:52","slug":"odkryjemy-wiedze-nieznana","status":"publish","type":"page","link":"http:\/\/zs.wolczyn.pl\/sp\/odkryjemy-wiedze-nieznana\/","title":{"rendered":"Odkryjemy wiedz\u0119 nieznan\u0105&#8230;"},"content":{"rendered":"<p>Elegancko, naukowo i historycznie powitali\u015bmy tym razem rok szkolny. Uroczyste rozpocz\u0119cie odbywa\u0142o si\u0119 w trzech grupach: klasy I-IV, V-VIII i liceum.<\/p>\n<p>Pami\u0119tali\u015bmy, \u017ce 80 lat temu rozpocz\u0119\u0142a si\u0119 II wojna \u015bwiatowa i bohaterom oddali\u015bmy ho\u0142d. Zastanawiali\u015bmy si\u0119, jak to mo\u017cliwe, \u017ce te okrutne wydarzenia s\u0105 dzie\u0142em cz\u0142owieka &#8211; istoty rozumnej, stoj\u0105cej na najwy\u017cszym szczeblu drabiny ewolucji, predestynowanej dzi\u0119ki rozumowi do cel\u00f3w wznios\u0142ych i dzi\u0119ki niemu oddzielonej od gatunku zwierz\u0105t. Snuli\u015bmy refleksje nt. natury ludzkiej. Na koniec wys\u0142uchali\u015bmy bardzo ciekawego wyk\u0142adu prof. Uniwersytetu SWPS Tomasza Grzyba pt. \u201eCzy warto by\u0107 niepos\u0142usznym?\u201d Ostatnim punktem naszego pierwszego dnia w szkole by\u0142o spotkanie z wychowawcami w klasach.<\/p>\n<p><strong>Rok szkolny 2019\/2020 rozpocz\u0119ty. Teraz to ju\u017c tylko trzeba si\u0119 uczy\u0107!<\/strong><\/p>\n","protected":false},"excerpt":{"rendered":"<p>Elegancko, naukowo i historycznie powitali\u015bmy tym razem rok szkolny. Uroczyste rozpocz\u0119cie odbywa\u0142o si\u0119 w trzech grupach: klasy I-IV, V-VIII i liceum. Pami\u0119tali\u015bmy, \u017ce 80 lat temu rozpocz\u0119\u0142a si\u0119 II wojna <a href=\"http:\/\/zs.wolczyn.pl\/sp\/odkryjemy-wiedze-nieznana\/\" class=\"read-more\">Czytaj dalej &#8230;<\/a><\/p>\n","protected":false},"author":1,"featured_media":132,"parent":0,"menu_order":0,"comment_status":"closed","ping_status":"closed","template":"template-pagebuilder.php","meta":{"footnotes":""},"class_list":["post-126","page","type-page","status-publish","has-post-thumbnail","hentry"],"_links":{"self":[{"href":"http:\/\/zs.wolczyn.pl\/sp\/wp-json\/wp\/v2\/pages\/126","targetHints":{"allow":["GET"]}}],"collection":[{"href":"http:\/\/zs.wolczyn.pl\/sp\/wp-json\/wp\/v2\/pages"}],"about":[{"href":"http:\/\/zs.wolczyn.pl\/sp\/wp-json\/wp\/v2\/types\/page"}],"author":[{"embeddable":true,"href":"http:\/\/zs.wolczyn.pl\/sp\/wp-json\/wp\/v2\/users\/1"}],"replies":[{"embeddable":true,"href":"http:\/\/zs.wolczyn.pl\/sp\/wp-json\/wp\/v2\/comments?post=126"}],"version-history":[{"count":0,"href":"http:\/\/zs.wolczyn.pl\/sp\/wp-json\/wp\/v2\/pages\/126\/revisions"}],"wp:featuredmedia":[{"embeddable":true,"href":"http:\/\/zs.wolczyn.pl\/sp\/wp-json\/wp\/v2\/media\/132"}],"wp:attachment":[{"href":"http:\/\/zs.wolczyn.pl\/sp\/wp-json\/wp\/v2\/media?parent=126"}],"curies":[{"name":"wp","href":"https:\/\/api.w.org\/{rel}","templated":true}]}}