{"id":1590,"date":"2020-03-02T13:19:43","date_gmt":"2020-03-02T13:19:43","guid":{"rendered":"http:\/\/zs.wolczyn.pl\/sp\/?page_id=1590"},"modified":"2021-10-12T12:43:35","modified_gmt":"2021-10-12T12:43:35","slug":"koronawirus-wazne-informacje","status":"publish","type":"page","link":"http:\/\/zs.wolczyn.pl\/sp\/koronawirus-wazne-informacje\/","title":{"rendered":"Koronawirus &#8211; wa\u017cne informacje"},"content":{"rendered":"<p>Przedstawiamy zbi\u00f3r najwa\u017cniejszych informacji dotycz\u0105cych koronawirusa, kt\u00f3re zosta\u0142y opublikowane przez takie instytucje jak: MEN, PAN, GIS, Kuratorium O\u015bwiaty.<\/p>\n<p>Jest to przede wszystkim zbi\u00f3r wytycznych, przedstawiaj\u0105cych spos\u00f3b post\u0119powania w przypadku kontaktu z koronawirusem, kontaktu z osobami wracaj\u0105cymi z kraj\u00f3w, w kt\u00f3rych wyst\u0119puj\u0105 ogniska zachorowa\u0144 na tego wirusa, porady jak zmniejszy\u0107 prawdopodobie\u0144stwo zara\u017cenia si\u0119 wirusem:<\/p>\n<p><a href=\"http:\/\/www.kuratorium.opole.pl\/wp-content\/uploads\/2020\/02\/ulotka.pdf\" target=\"_blank\" rel=\"noopener noreferrer\">Informacje i rekomendacje Ministerstwa Edukacji Narodowej<\/a> \u2190 kliknij aby otworzy\u0107<\/p>\n<p><a href=\"https:\/\/informacje.pan.pl\/index.php?option=com_content&amp;view=article&amp;id=2915\" target=\"_blank\" rel=\"noopener noreferrer\">Informacje o koronawirusie na portalu Polskiej Akademii Nauk<\/a> \u2190 kliknij aby otworzy\u0107<\/p>\n<p><a href=\"https:\/\/www.kuratorium.opole.pl\/informacje-dotyczace-koronawirusa\/\" target=\"_blank\" rel=\"noopener noreferrer\">Informacje i rekomendacje Kuratorium O\u015bwiaty w Opolu<\/a>&nbsp; \u2190 kliknij aby otworzy\u0107<\/p>\n<p><a href=\"https:\/\/gis.gov.pl\/aktualnosci\/informacja-glownego-inspektora-sanitarnego-dla-osob-powracajacych-z-wloch-opracowano-na-podstawie-danych-ecdc-oraz-who-warszawa-29-02-2020-r\/\" target=\"_blank\" rel=\"noopener noreferrer\">Informacje i zalecenia G\u0142\u00f3wnego Inspektoratu Sanitarnego<\/a>&nbsp;&nbsp; \u2190 kliknij aby otworzy\u0107<\/p>\n<p><a href=\"https:\/\/www.gov.pl\/web\/zdrowie\/co-musisz-wiedziec-o-koronawirusie\" target=\"_blank\" rel=\"noopener noreferrer\">Informacje zawarte na stronie rz\u0105dowej RP<\/a> \u2190 kliknij aby otworzy\u0107<\/p>\n<p>Wa\u017cne telefony:<\/p>\n<ul>\n<li>Powiatowa Stacja Sanitarno \u2013 Epidemiologiczna w&nbsp;<strong>Kluczborku &#8211; <\/strong><strong>Telefon alarmowy ca\u0142odobowy:<\/strong>&nbsp;<strong>601226721<\/strong><\/li>\n<li>Telefoniczna informacja Pacjenta (bezp\u0142atna, ca\u0142odobowa infolinia NFZ) <strong>800 -190- 590<\/strong><\/li>\n<li>Nysa &#8211; Zesp\u00f3\u0142 Opieki Zdrowotnej w Nysie, Oddzia\u0142 Obserwacyjno-Zaka\u017any, Bohater\u00f3w Warszawy 23 tel. <strong>(77) 40 87 800<\/strong><\/li>\n<li>Opole &#8211; Szpital Wojew\u00f3dzki w Opolu Sp\u00f3\u0142ka z ograniczon\u0105 odpowiedzialno\u015bci\u0105, Oddzia\u0142 Chor\u00f3b Zaka\u017anych, Katowicka 64 dogodne wej\u015bcie od ul. Ko\u015bnego 53 tel.<strong> (77) 44-33-100<\/strong><\/li>\n<\/ul>\n<p>Wszystkie&nbsp;<strong>aktualne informacje dotycz\u0105ce koronawirusa<\/strong> mo\u017cna te\u017c \u015bledzi\u0107 pod linkiem <a href=\"http:\/\/wsseopole.pis.gov.pl\/\" target=\"_blank\" rel=\"noopener noreferrer\">http:\/\/wsseopole.pis.gov.pl\/<\/a><\/p>\n","protected":false},"excerpt":{"rendered":"<p>Przedstawiamy zbi\u00f3r najwa\u017cniejszych informacji dotycz\u0105cych koronawirusa, kt\u00f3re zosta\u0142y opublikowane przez takie instytucje jak: MEN, PAN, GIS, Kuratorium O\u015bwiaty. Jest to przede wszystkim zbi\u00f3r wytycznych, przedstawiaj\u0105cych spos\u00f3b post\u0119powania w przypadku kontaktu <a href=\"http:\/\/zs.wolczyn.pl\/sp\/koronawirus-wazne-informacje\/\" class=\"read-more\">Czytaj dalej &#8230;<\/a><\/p>\n","protected":false},"author":1,"featured_media":0,"parent":0,"menu_order":0,"comment_status":"closed","ping_status":"closed","template":"","meta":{"footnotes":""},"class_list":["post-1590","page","type-page","status-publish","hentry"],"_links":{"self":[{"href":"http:\/\/zs.wolczyn.pl\/sp\/wp-json\/wp\/v2\/pages\/1590","targetHints":{"allow":["GET"]}}],"collection":[{"href":"http:\/\/zs.wolczyn.pl\/sp\/wp-json\/wp\/v2\/pages"}],"about":[{"href":"http:\/\/zs.wolczyn.pl\/sp\/wp-json\/wp\/v2\/types\/page"}],"author":[{"embeddable":true,"href":"http:\/\/zs.wolczyn.pl\/sp\/wp-json\/wp\/v2\/users\/1"}],"replies":[{"embeddable":true,"href":"http:\/\/zs.wolczyn.pl\/sp\/wp-json\/wp\/v2\/comments?post=1590"}],"version-history":[{"count":0,"href":"http:\/\/zs.wolczyn.pl\/sp\/wp-json\/wp\/v2\/pages\/1590\/revisions"}],"wp:attachment":[{"href":"http:\/\/zs.wolczyn.pl\/sp\/wp-json\/wp\/v2\/media?parent=1590"}],"curies":[{"name":"wp","href":"https:\/\/api.w.org\/{rel}","templated":true}]}}