{"id":4646,"date":"2021-10-11T10:23:55","date_gmt":"2021-10-11T10:23:55","guid":{"rendered":"http:\/\/zs.wolczyn.pl\/sp\/?page_id=4646"},"modified":"2022-10-20T07:19:46","modified_gmt":"2022-10-20T07:19:46","slug":"regulamin-korzystania-ze-stolowki","status":"publish","type":"page","link":"http:\/\/zs.wolczyn.pl\/sp\/regulamin-korzystania-ze-stolowki\/","title":{"rendered":"Regulamin korzystania ze sto\u0142\u00f3wki"},"content":{"rendered":"<p style=\"text-align: center;\"><strong>Regulamin korzystania ze sto\u0142\u00f3wki szkolnej<\/strong><\/p>\n<p style=\"text-align: center;\"><strong>w Zespole Szk\u00f3\u0142 w Wo\u0142czynie<\/strong><\/p>\n<p>&nbsp;<\/p>\n<p style=\"text-align: center;\">\u00a7 1 Postanowienia og\u00f3lne<\/p>\n<p>&nbsp;<\/p>\n<ol>\n<li>W celu zapewnienia prawid\u0142owej realizacji zada\u0144 opieku\u0144czych, w szczeg\u00f3lno\u015bci wspierania prawid\u0142owego rozwoju uczni\u00f3w, szko\u0142a prowadzi sto\u0142\u00f3wk\u0119 szkoln\u0105.<\/li>\n<li>Sto\u0142\u00f3wka szkolna funkcjonuje w dni nauki szkolnej.<\/li>\n<li>Sto\u0142\u00f3wka nie funkcjonuje w czasie ustawowych dni wolnych od pracy, \u015bwi\u0105t i przerw w zaj\u0119ciach szkolnych oraz w dni wolne od zaj\u0119\u0107 dydaktycznych.<\/li>\n<li>Regulamin korzystania ze sto\u0142\u00f3wki okre\u015bla zasady odp\u0142atno\u015bci oraz warunki korzystania przez uczni\u00f3w i nauczycieli szko\u0142y z posi\u0142k\u00f3w wydawanych w sto\u0142\u00f3wce szkolnej.<\/li>\n<li>Regulamin oraz wszelkie zmiany w nim wprowadzone podane s\u0105 do publicznej wiadomo\u015bci w spos\u00f3b przyj\u0119ty przez szko\u0142\u0119.<\/li>\n<\/ol>\n<p>&nbsp;<\/p>\n<p style=\"text-align: center;\">\u00a7 2 Uprawnieni do korzystania ze sto\u0142\u00f3wki<\/p>\n<p>&nbsp;<\/p>\n<ol>\n<li>Do korzystania z posi\u0142k\u00f3w przygotowywanych w sto\u0142\u00f3wce szkolnej uprawnieni s\u0105:<\/li>\n<li>a) uczniowie Zespo\u0142u Szk\u00f3l w Wo\u0142czynie wnosz\u0105cy op\u0142aty indywidualne,<\/li>\n<li>b) uczniowie Zespo\u0142u Szk\u00f3\u0142 w Wo\u0142czynie, kt\u00f3rych obiady s\u0105 refundowane przez o\u015brodki pomocy spo\u0142ecznej i inne podmioty,<\/li>\n<li>c) nauczyciele i pracownicy Zespo\u0142u Szk\u00f3\u0142 w Wo\u0142czynie<\/li>\n<\/ol>\n<p>&nbsp;<\/p>\n<p style=\"text-align: center;\">\u00a7 3 Odp\u0142atno\u015b\u0107 za obiady<\/p>\n<p>&nbsp;<\/p>\n<ol>\n<li>Posi\u0142ki wydawane w sto\u0142\u00f3wce Zespo\u0142u Szk\u00f3\u0142 w Wo\u0142czynie s\u0105 odp\u0142atne.<\/li>\n<li>Wysoko\u015b\u0107 op\u0142aty za posi\u0142ki w sto\u0142\u00f3wce szkolnej okre\u015bla dyrektor szko\u0142y w porozumieniu z organem prowadz\u0105cym szko\u0142\u0119.<\/li>\n<li><strong> Ucze\u0144 ponosi op\u0142at\u0119 za korzystanie z posi\u0142ku w sto\u0142\u00f3wce szkolnej w wysoko\u015bci koszt\u00f3w surowca przeznaczonego na sporz\u0105dzenie posi\u0142ku, w przeliczeniu na jeden posi\u0142ek.<\/strong><\/li>\n<li>Nauczyciel i pracownik szko\u0142y wnosi op\u0142at\u0119 za korzystanie z posi\u0142ku w sto\u0142\u00f3wce szkolnej w wysoko\u015bci koszt\u00f3w surowca przeznaczonego na sporz\u0105dzenie posi\u0142ku oraz uwzgl\u0119dniaj\u0105c dodatkowo koszty przygotowania i utrzymania sto\u0142\u00f3wki, w przeliczeniu na jeden posi\u0142ek<\/li>\n<li>W sytuacjach wzrostu kosztu produkt\u00f3w w trakcie roku szkolnego dopuszcza si\u0119 mo\u017cliwo\u015b\u0107 zmiany odp\u0142atno\u015bci, po poinformowaniu korzystaj\u0105cych ze sto\u0142\u00f3wki z miesi\u0119cznym wyprzedzeniem.<\/li>\n<li><strong> Op\u0142aty za obiady wnosi si\u0119 u intendenta lub p\u0142atno\u015b\u0107 przelewem na konto szko\u0142y w nieprzekraczalnym terminie do 20 ka\u017cdego miesi\u0105ca za dany miesi\u0105c<\/strong>.<\/li>\n<li>Przed dokonaniem wp\u0142aty za obiady przelewem, prosz\u0119 o sprawdzenie (telefonicznie lub przez dziecko u intendenta) prawid\u0142owej kwoty nale\u017cno\u015bci (po uwzgl\u0119dnieniu zg\u0142oszonych wcze\u015bniej odpis\u00f3w). Nie mo\u017cna zaokr\u0105gla\u0107 b\u0105d\u017a przelewa\u0107 kwot w przybli\u017ceniu &#8211; utrudnia to bardzo rozliczenie ksi\u0119gowe op\u0142at za obiady.&nbsp;&nbsp;&nbsp;&nbsp;&nbsp;&nbsp;&nbsp;&nbsp;&nbsp;&nbsp;&nbsp;&nbsp;&nbsp;&nbsp;&nbsp;&nbsp;&nbsp;&nbsp;&nbsp;&nbsp;&nbsp;&nbsp;&nbsp;&nbsp;&nbsp;&nbsp;&nbsp;&nbsp;&nbsp;&nbsp;&nbsp;&nbsp;&nbsp;&nbsp;&nbsp;&nbsp;&nbsp;&nbsp;&nbsp;&nbsp;&nbsp;&nbsp;&nbsp;&nbsp;&nbsp;&nbsp;&nbsp;&nbsp;&nbsp;&nbsp;&nbsp;&nbsp;&nbsp;&nbsp;&nbsp;&nbsp;&nbsp;&nbsp;&nbsp;&nbsp;&nbsp;&nbsp;&nbsp;&nbsp;&nbsp;&nbsp;&nbsp;&nbsp;&nbsp;&nbsp;&nbsp;&nbsp;&nbsp;&nbsp;&nbsp;&nbsp;&nbsp;&nbsp;&nbsp;&nbsp;&nbsp;&nbsp;&nbsp;&nbsp;&nbsp;&nbsp;&nbsp;&nbsp;&nbsp;&nbsp;&nbsp;<hr><strong><em>Numer konta: 30 8876 0009 0000 4444 2000 0001 &#8211; w tytule przelewu podajemy imi\u0119 i nazwisko oraz miesi\u0105c, za kt\u00f3ry jest robiona wp\u0142ata<\/em><\/strong><\/li>\n<li><hr>W przypadku wnoszenia op\u0142at za posi\u0142ki dla uczni\u00f3w przez O\u015brodek Pomocy Spo\u0142ecznej zasady i terminy dokonywania tych op\u0142at reguluj\u0105 zapisy odr\u0119bnych porozumie\u0144 zawartych pomi\u0119dzy O\u015brodkiem Pomocy Spo\u0142ecznej a szko\u0142\u0105.<\/li>\n<li><strong> W przypadku nie uiszczenia op\u0142aty w terminie okre\u015blonym w \u00a73 pkt. 6 Regulaminu, ucze\u0144 lub pracownik zostanie wykre\u015blony z listy \u017cywionych.<\/strong><\/li>\n<\/ol>\n<p>&nbsp;<\/p>\n<p style=\"text-align: center;\">\u00a7 4 Zwroty za obiady<\/p>\n<ol>\n<li>Zwrot poniesionych koszt\u00f3w za posi\u0142ki mo\u017ce nast\u0105pi\u0107 z powodu choroby, wycieczki, imprezy szkolnej, innych przyczyn losowych, je\u017celi nieobecno\u015b\u0107 ucznia (nauczyciela lub pracownika) wynosi jeden dzie\u0144 lub d\u0142u\u017cej.<\/li>\n<li>Nieobecno\u015b\u0107 musi by\u0107 zg\u0142oszona osobi\u015bcie lub telefonicznie u kierownika \u015bwietlicy, w sekretariacie szko\u0142y, u intendenta lub pisemnie poprzez dziennik Librus, <strong>najp\u00f3\u017aniej do godziny 8.00 danego dnia. (Tel. 77 4 07 21 80) <\/strong>Tylko na tej podstawie powsta\u0142a nadp\u0142ata mo\u017ce by\u0107 zaliczona na poczet op\u0142aty za korzystanie z posi\u0142k\u00f3w w nast\u0119pnym miesi\u0105cu.<\/li>\n<\/ol>\n<ol start=\"3\">\n<li>Wychowawca (nauczyciel) organizuj\u0105cy wycieczk\u0119 lub imprez\u0119 musi j\u0105 zg\u0142osi\u0107 w w\/w spos\u00f3b \u2013 pkt.2 &#8211; na 2 dni wcze\u015bniej w celu odliczenia op\u0142at za obiad.<\/li>\n<li>Odliczenie kwoty nast\u0119puje z odp\u0142atno\u015bci w nast\u0119pnym miesi\u0105cu.<\/li>\n<li>Nale\u017cna kwota zwrotu stanowi iloczyn op\u0142aty za jeden obiad i liczby dni nieobecno\u015bci.<\/li>\n<li>Nieuzasadniona lub niezg\u0142oszona nieobecno\u015b\u0107 ucznia (nauczyciela, pracownika, wychowawcy, opiekuna wycieczki lub imprezy szkolnej) na posi\u0142ku nie podlega zwrotowi koszt\u00f3w.<\/li>\n<li>Z obiad\u00f3w mog\u0105 korzysta\u0107 uczniowie przebywaj\u0105cy na zwolnieniu lekarskim. Obiad wydawany jest w\u00f3wczas rodzinie ucznia.<\/li>\n<li>Odlicze\u0144 i korekt w wysoko\u015bci wp\u0142at dokonuje wy\u0142\u0105cznie kierownik \u015bwietlicy oraz intendent.<\/li>\n<\/ol>\n<p>&nbsp;<\/p>\n<p style=\"text-align: center;\">\u00a7 5 Rezygnacja:<\/p>\n<ol>\n<li>Ucze\u0144 zapisany na obiady korzysta ze sto\u0142\u00f3wki szkolnej do ko\u0144ca roku szkolnego.<\/li>\n<li>Informacj\u0119 o <strong>rezygnacji z obiad\u00f3w<\/strong> (czyli skre\u015blenie z listy obiadowej) nale\u017cy zg\u0142osi\u0107 wy\u0142\u0105cznie kierownikowi \u015bwietlicy lub intendentowi, najp\u00f3\u017aniej do ostatniego dnia roboczego miesi\u0105ca, w kt\u00f3rym spo\u017cywane s\u0105 posi\u0142ki.<\/li>\n<li>Nie zg\u0142oszenie rezygnacji z obiad\u00f3w jest r\u00f3wnoznaczne z konieczno\u015bci\u0105 zap\u0142acenia za niewykorzystane posi\u0142ki do dnia poinformowania o rezygnacji.<\/li>\n<\/ol>\n<p>&nbsp;<\/p>\n<p style=\"text-align: center;\">\u00a7 6 Wydawanie posi\u0142k\u00f3w<\/p>\n<ol>\n<li>Obiady s\u0105 wydawane w godzinach od 11.25 do 13.40<\/li>\n<li>W sto\u0142\u00f3wce jest wywieszony jad\u0142ospis na dany tydzie\u0144 zatwierdzony przez intendenta szko\u0142y.<\/li>\n<li>Posi\u0142ki przygotowywane s\u0105 zgodnie z zasadami zdrowego \u017cywienia i kalkulacji koszt\u00f3w.<\/li>\n<\/ol>\n<p>&nbsp;<\/p>\n<p style=\"text-align: center;\">\u00a7 7 Zasady zachowania w sto\u0142\u00f3wce<\/p>\n<ol>\n<li>W miejscu wydawania posi\u0142ku obowi\u0105zuje kolejka w jednym szeregu.<\/li>\n<li>Podczas spo\u017cywania obiadu uczniowie zachowuj\u0105 si\u0119 kulturalnie (nie nale\u017cy prowadzi\u0107 g\u0142o\u015bnych rozm\u00f3w, biega\u0107 po sali lub prezentowa\u0107 innych niestosownych zachowa\u0144).<\/li>\n<li>Uczniowie korzystaj\u0105cy ze sto\u0142\u00f3wki szkolnej zobowi\u0105zani s\u0105 do pozostawienia kurtek i plecak\u00f3w przed sto\u0142\u00f3wk\u0105.<\/li>\n<li>Po spo\u017cyciu obiadu naczynia nale\u017cy odnie\u015b\u0107 w wyznaczone miejsce.<\/li>\n<li>Podczas wydawania obiad\u00f3w zabrania si\u0119 pobytu w sto\u0142\u00f3wce osobom, kt\u00f3re nie spo\u017cywaj\u0105 posi\u0142k\u00f3w, w tym r\u00f3wnie\u017c rodzicom uczni\u00f3w.<\/li>\n<li>Nad bezpiecze\u0144stwem uczni\u00f3w przebywaj\u0105cych w czasie obiadu w sto\u0142\u00f3wce szkolnej czuwaj\u0105 wyznaczeni przez kierownika \u015bwietlicy nauczyciele.<\/li>\n<li>Intendent mo\u017ce odm\u00f3wi\u0107 zapisu na obiady uczniom, kt\u00f3rzy w ra\u017c\u0105cy spos\u00f3b \u0142ami\u0105 zasady kulturalnego spo\u017cywania posi\u0142k\u00f3w.<\/li>\n<li>Za szkody spowodowane w sto\u0142\u00f3wce odpowiada ucze\u0144, a finansowo jego rodzice.<\/li>\n<\/ol>\n<p>&nbsp;<\/p>\n<p style=\"text-align: center;\">\u00a7 8 Postanowienia ko\u0144cowe<\/p>\n<p>1. O wszelkich sprawach zwi\u0105zanych z organizacj\u0105 pracy sto\u0142\u00f3wki decyduje Dyrektor Zespo\u0142u Szk\u00f3\u0142 w Wo\u0142czynie.<\/p>\n<p><strong>&nbsp;<\/strong><\/p>\n<p><strong><a href=\"http:\/\/zs.wolczyn.pl\/sp\/wp-content\/uploads\/2021\/10\/karta-zgloszenia-dziecka-na-obiady.pdf\" target=\"_blank\" rel=\"noopener\">&nbsp;karta zg\u0142oszenia dziecka na obiady<\/a><br><\/strong><\/p>\n<p><strong>&nbsp;<\/strong><\/p>\n<p><strong>&nbsp;<\/strong><\/p>\n<p><strong>&nbsp;<\/strong><\/p>\n<p><strong>&nbsp;<\/strong><\/p>\n<p><strong>&nbsp;<\/strong><\/p>\n<p><strong>&nbsp;<\/strong><\/p>\n<p><strong>&nbsp;<\/strong><\/p>\n<p><strong>&nbsp;<\/strong><\/p>\n<p><strong>&nbsp;<\/strong><\/p>\n<p><strong>&nbsp;<\/strong><\/p>\n<p><strong>&nbsp;<\/strong><\/p>\n\n\n<p><\/p>\n","protected":false},"excerpt":{"rendered":"<p>Regulamin korzystania ze sto\u0142\u00f3wki szkolnej w Zespole Szk\u00f3\u0142 w Wo\u0142czynie &nbsp; \u00a7 1 Postanowienia og\u00f3lne &nbsp; W celu zapewnienia prawid\u0142owej realizacji zada\u0144 opieku\u0144czych, w szczeg\u00f3lno\u015bci wspierania prawid\u0142owego rozwoju uczni\u00f3w, szko\u0142a <a href=\"http:\/\/zs.wolczyn.pl\/sp\/regulamin-korzystania-ze-stolowki\/\" class=\"read-more\">Czytaj dalej &#8230;<\/a><\/p>\n","protected":false},"author":1,"featured_media":0,"parent":0,"menu_order":0,"comment_status":"closed","ping_status":"closed","template":"","meta":{"footnotes":""},"class_list":["post-4646","page","type-page","status-publish","hentry"],"_links":{"self":[{"href":"http:\/\/zs.wolczyn.pl\/sp\/wp-json\/wp\/v2\/pages\/4646","targetHints":{"allow":["GET"]}}],"collection":[{"href":"http:\/\/zs.wolczyn.pl\/sp\/wp-json\/wp\/v2\/pages"}],"about":[{"href":"http:\/\/zs.wolczyn.pl\/sp\/wp-json\/wp\/v2\/types\/page"}],"author":[{"embeddable":true,"href":"http:\/\/zs.wolczyn.pl\/sp\/wp-json\/wp\/v2\/users\/1"}],"replies":[{"embeddable":true,"href":"http:\/\/zs.wolczyn.pl\/sp\/wp-json\/wp\/v2\/comments?post=4646"}],"version-history":[{"count":0,"href":"http:\/\/zs.wolczyn.pl\/sp\/wp-json\/wp\/v2\/pages\/4646\/revisions"}],"wp:attachment":[{"href":"http:\/\/zs.wolczyn.pl\/sp\/wp-json\/wp\/v2\/media?parent=4646"}],"curies":[{"name":"wp","href":"https:\/\/api.w.org\/{rel}","templated":true}]}}