{"id":7750,"date":"2023-02-10T08:06:58","date_gmt":"2023-02-10T08:06:58","guid":{"rendered":"http:\/\/zs.wolczyn.pl\/sp\/?page_id=7750"},"modified":"2025-10-02T08:23:14","modified_gmt":"2025-10-02T08:23:14","slug":"godziny-pracy-sekretariatow","status":"publish","type":"page","link":"http:\/\/zs.wolczyn.pl\/sp\/godziny-pracy-sekretariatow\/","title":{"rendered":"Godziny pracy sekretariat\u00f3w"},"content":{"rendered":"<p>Sekretariat g\u0142\u00f3wny \u00a0 \u00a0 \u00a0 \u00a0\u00a0 &#8211; budynek A &#8211; 7:00 &#8211; 15:00<\/p>\n<p>Sekretariat uczniowski\u00a0\u00a0\u00a0 &#8211; budynek A &#8211; 7:00 &#8211; 15:00<\/p>\n<p>Sekretariat\u00a0 \u00a0 \u00a0 \u00a0 \u00a0 \u00a0 \u00a0 \u00a0 \u00a0 \u00a0 \u00a0 \u00a0 \u00a0&#8211; budynek B &#8211; 8:00 &#8211; 15:00<\/p>\n","protected":false},"excerpt":{"rendered":"<p>Sekretariat g\u0142\u00f3wny \u00a0 \u00a0 \u00a0 \u00a0\u00a0 &#8211; budynek A &#8211; 7:00 &#8211; 15:00 Sekretariat uczniowski\u00a0\u00a0\u00a0 &#8211; budynek A &#8211; 7:00 &#8211; 15:00 Sekretariat\u00a0 \u00a0 \u00a0 \u00a0 \u00a0 \u00a0 \u00a0 \u00a0 <a href=\"http:\/\/zs.wolczyn.pl\/sp\/godziny-pracy-sekretariatow\/\" class=\"read-more\">Czytaj dalej &#8230;<\/a><\/p>\n","protected":false},"author":1,"featured_media":0,"parent":0,"menu_order":0,"comment_status":"closed","ping_status":"closed","template":"","meta":{"footnotes":""},"class_list":["post-7750","page","type-page","status-publish","hentry"],"_links":{"self":[{"href":"http:\/\/zs.wolczyn.pl\/sp\/wp-json\/wp\/v2\/pages\/7750","targetHints":{"allow":["GET"]}}],"collection":[{"href":"http:\/\/zs.wolczyn.pl\/sp\/wp-json\/wp\/v2\/pages"}],"about":[{"href":"http:\/\/zs.wolczyn.pl\/sp\/wp-json\/wp\/v2\/types\/page"}],"author":[{"embeddable":true,"href":"http:\/\/zs.wolczyn.pl\/sp\/wp-json\/wp\/v2\/users\/1"}],"replies":[{"embeddable":true,"href":"http:\/\/zs.wolczyn.pl\/sp\/wp-json\/wp\/v2\/comments?post=7750"}],"version-history":[{"count":2,"href":"http:\/\/zs.wolczyn.pl\/sp\/wp-json\/wp\/v2\/pages\/7750\/revisions"}],"predecessor-version":[{"id":10022,"href":"http:\/\/zs.wolczyn.pl\/sp\/wp-json\/wp\/v2\/pages\/7750\/revisions\/10022"}],"wp:attachment":[{"href":"http:\/\/zs.wolczyn.pl\/sp\/wp-json\/wp\/v2\/media?parent=7750"}],"curies":[{"name":"wp","href":"https:\/\/api.w.org\/{rel}","templated":true}]}}