{"id":8313,"date":"2023-06-22T10:52:51","date_gmt":"2023-06-22T10:52:51","guid":{"rendered":"http:\/\/zs.wolczyn.pl\/sp\/?page_id=8313"},"modified":"2023-06-22T10:53:07","modified_gmt":"2023-06-22T10:53:07","slug":"listy-uczniow-przyjetych-do-klasy-1-z-podzialem-na-klasy","status":"publish","type":"page","link":"http:\/\/zs.wolczyn.pl\/sp\/listy-uczniow-przyjetych-do-klasy-1-z-podzialem-na-klasy\/","title":{"rendered":"Listy uczni\u00f3w przyj\u0119tych do klasy 1 z podzia\u0142em na klasy"},"content":{"rendered":"<a href=\"http:\/\/zs.wolczyn.pl\/sp\/wp-content\/uploads\/2023\/06\/klasy-1-SP-2023-24.pdf\" class=\"pdfemb-viewer\" style=\"\" data-width=\"max\" data-height=\"max\" data-toolbar=\"bottom\" data-toolbar-fixed=\"off\">klasy-1-SP-2023-24<\/a>\n<p class=\"wp-block-pdfemb-pdf-embedder-viewer\"><\/p>\n","protected":false},"excerpt":{"rendered":"","protected":false},"author":1,"featured_media":0,"parent":0,"menu_order":0,"comment_status":"closed","ping_status":"closed","template":"","meta":{"footnotes":""},"class_list":["post-8313","page","type-page","status-publish","hentry"],"_links":{"self":[{"href":"http:\/\/zs.wolczyn.pl\/sp\/wp-json\/wp\/v2\/pages\/8313","targetHints":{"allow":["GET"]}}],"collection":[{"href":"http:\/\/zs.wolczyn.pl\/sp\/wp-json\/wp\/v2\/pages"}],"about":[{"href":"http:\/\/zs.wolczyn.pl\/sp\/wp-json\/wp\/v2\/types\/page"}],"author":[{"embeddable":true,"href":"http:\/\/zs.wolczyn.pl\/sp\/wp-json\/wp\/v2\/users\/1"}],"replies":[{"embeddable":true,"href":"http:\/\/zs.wolczyn.pl\/sp\/wp-json\/wp\/v2\/comments?post=8313"}],"version-history":[{"count":0,"href":"http:\/\/zs.wolczyn.pl\/sp\/wp-json\/wp\/v2\/pages\/8313\/revisions"}],"wp:attachment":[{"href":"http:\/\/zs.wolczyn.pl\/sp\/wp-json\/wp\/v2\/media?parent=8313"}],"curies":[{"name":"wp","href":"https:\/\/api.w.org\/{rel}","templated":true}]}}