{"id":871,"date":"2019-11-25T19:27:19","date_gmt":"2019-11-25T19:27:19","guid":{"rendered":"http:\/\/zs.wolczyn.pl\/sp\/?page_id=871"},"modified":"2025-09-17T11:47:00","modified_gmt":"2025-09-17T11:47:00","slug":"o-szkole","status":"publish","type":"page","link":"http:\/\/zs.wolczyn.pl\/sp\/o-szkole\/","title":{"rendered":"O Szkole&#8230;"},"content":{"rendered":"\n<p><strong>ZESP\u00d3\u0141 SZK\u00d3\u0141&nbsp;<\/strong><strong>W WO\u0141CZYNIE<\/strong><\/p>\n\n\n\n<p>46-250 Wo\u0142czyn, ul. Rzeczna 6<\/p>\n\n\n\n<p>NIP 751-17-17-441, REGON 160141073<\/p>\n\n\n\n<p>tel.\/fax 077 407 21 80<\/p>\n\n\n\n<p>e-mail:&nbsp;<a href=\"mailto:sekretariat@glzs.wolczyn.pl\">sekretariat@zs.wolczyn.pl<\/a><\/p>\n\n\n\n<p><\/p>\n","protected":false},"excerpt":{"rendered":"<p>ZESP\u00d3\u0141 SZK\u00d3\u0141&nbsp;W WO\u0141CZYNIE 46-250 Wo\u0142czyn, ul. Rzeczna 6 NIP 751-17-17-441, REGON 160141073 tel.\/fax 077 407 21 80 e-mail:&nbsp;sekretariat@zs.wolczyn.pl<\/p>\n","protected":false},"author":1,"featured_media":607,"parent":0,"menu_order":0,"comment_status":"closed","ping_status":"closed","template":"","meta":{"footnotes":""},"class_list":["post-871","page","type-page","status-publish","has-post-thumbnail","hentry"],"_links":{"self":[{"href":"http:\/\/zs.wolczyn.pl\/sp\/wp-json\/wp\/v2\/pages\/871","targetHints":{"allow":["GET"]}}],"collection":[{"href":"http:\/\/zs.wolczyn.pl\/sp\/wp-json\/wp\/v2\/pages"}],"about":[{"href":"http:\/\/zs.wolczyn.pl\/sp\/wp-json\/wp\/v2\/types\/page"}],"author":[{"embeddable":true,"href":"http:\/\/zs.wolczyn.pl\/sp\/wp-json\/wp\/v2\/users\/1"}],"replies":[{"embeddable":true,"href":"http:\/\/zs.wolczyn.pl\/sp\/wp-json\/wp\/v2\/comments?post=871"}],"version-history":[{"count":1,"href":"http:\/\/zs.wolczyn.pl\/sp\/wp-json\/wp\/v2\/pages\/871\/revisions"}],"predecessor-version":[{"id":10011,"href":"http:\/\/zs.wolczyn.pl\/sp\/wp-json\/wp\/v2\/pages\/871\/revisions\/10011"}],"wp:featuredmedia":[{"embeddable":true,"href":"http:\/\/zs.wolczyn.pl\/sp\/wp-json\/wp\/v2\/media\/607"}],"wp:attachment":[{"href":"http:\/\/zs.wolczyn.pl\/sp\/wp-json\/wp\/v2\/media?parent=871"}],"curies":[{"name":"wp","href":"https:\/\/api.w.org\/{rel}","templated":true}]}}