{"id":9384,"date":"2024-11-15T09:49:26","date_gmt":"2024-11-15T09:49:26","guid":{"rendered":"http:\/\/zs.wolczyn.pl\/sp\/?page_id=9384"},"modified":"2024-11-15T09:58:45","modified_gmt":"2024-11-15T09:58:45","slug":"duplikaty-dokumentow","status":"publish","type":"page","link":"http:\/\/zs.wolczyn.pl\/sp\/duplikaty-dokumentow\/","title":{"rendered":"Duplikaty dokument\u00f3w"},"content":{"rendered":"<p style=\"text-align: center;\">PROCEDURA WYDAWANIA E-LEGITYMCJI, DUPLIKAT\u00d3W LEGITYMACJI PAPIEROWEJ\/E-LEGITYMACJI SZKOLNEJ, KARTY ROWEROWEJ I \u015aWIADECTWA SZKOLNEGO W ZESPOLE SZK\u00d3\u0141 W WO\u0141CZYNIE<\/p>\n<p><strong>I. Zasady wydawania e-Legitymacji szkolnej i ich duplikat\u00f3w.<\/strong><\/p>\n<p style=\"padding-left: 40px;\">1. E-Legitymacja czyli plastikowa legitymacja szkolna to efekt rozporz\u0105dzenia Ministra Edukacji Narodowej z dnia 26 kwietnia 2018 r. Rozporz\u0105dzenie to wprowadza mo\u017cliwo\u015b\u0107 wydania legitymacji szkolnej w formie plastikowej tzw. \u201ee-Legitymacji\u201d. E-Legitymacja zawiera takie same dane jak legitymacja papierowa. Dotychczasowe piecz\u0105tki zosta\u0142y zast\u0105pione naklejkami &#8211; hologramami.<br \/>\n2. Od 12 lipca 2024 r. legitymacje w tej formie wydawane s\u0105 w naszej szkole:<br \/>\n&#8211; nowym uczniom,<br \/>\n&#8211; uczniom, kt\u00f3rym sko\u0144czy\u0142y si\u0119 miejsca na piecz\u0105tki w papierowych legitymacjach,<br \/>\n&#8211; jako duplikat zgubionej\/zniszczonej legitymacji papierowej lub e-legitymacji po wcze\u015bniejszym dokonaniu ustawowej op\u0142aty w wysoko\u015bci r\u00f3wnej kwocie op\u0142aty skarbowej tj. 9 z\u0142 na konto szko\u0142y lub w sekretariacie uczniowskim i dostarczeniu wniosku (<a href=\"http:\/\/zs.wolczyn.pl\/lo\/wp-content\/uploads\/2024\/11\/Zalacznik-nr-1-wniosek-o-duplikat-e-legitymacji.pdf\" target=\"_blank\" rel=\"noopener\">za\u0142\u0105cznik nr 1<\/a>), zdj\u0119cia wraz z dowodem wp\u0142aty .<br \/>\n3. W przypadku utraty orygina\u0142u legitymacji papierowej\/e-legitymacji szkolnej rodzice ucznia mog\u0105 wyst\u0105pi\u0107 do dyrektora szko\u0142y z pisemnym wnioskiem o wydanie duplikatu legitymacji z podaniem przyczyny ubiegania si\u0119 o duplikat (za\u0142\u0105cznik nr 1 do pobrania w sekretariacie i na stronie internetowej szko\u0142y).<br \/>\n4. Zdj\u0119cie do legitymacji (3,5&#215;4,5cm na jasnym tle) dostarczamy do sekretariatu lub wysy\u0142amy mailem (sekretariat.uczniowski@zs.wolczyn.pl) nale\u017cy przes\u0142a\u0107 (nie wkleja\u0107, a za\u0142\u0105czy\u0107 plik! do maila, nie zdj\u0119cie zdj\u0119cia!) w formacie JPG lub JPEG w rozmiarze do 5 MB, nazwa pliku (czyli naszego zdj\u0119cia) powinna brzmie\u0107: imi\u0119, nazwisko (np. Jan Kowalski).<br \/>\n5. Zg\u0142oszenia wraz ze zdj\u0119ciem legitymacyjnym przyjmowane b\u0119d\u0105 do 5 dnia ka\u017cdego miesi\u0105ca.<br \/>\n6. Okres oczekiwania na legitymacj\u0119 do 21 dni roboczych.<\/p>\n<p><strong>II. Zasady wydawania duplikat\u00f3w karty rowerowej.<\/strong><\/p>\n<p style=\"padding-left: 40px;\">1. W przypadku utraty orygina\u0142u karty rowerowej rodzice ucznia mog\u0105 wyst\u0105pi\u0107 do dyrektora szko\u0142y z pisemnym wnioskiem o wydanie duplikatu karty rowerowej z podaniem przyczyny ubiegania si\u0119 o duplikat.<br \/>\n2. Do wniosku nale\u017cy do\u0142\u0105czy\u0107 podpisane aktualne zdj\u0119cie (nazwisko, imi\u0119, data urodzenia, adres zamieszkania).<br \/>\n3. Za wydanie duplikatu karty rowerowej nie pobiera si\u0119 op\u0142aty.<br \/>\n4. Termin wydania duplikatu do 7 dni.<\/p>\n<p><strong>III. Zasady wydawania duplikat\u00f3w \u015bwiadectw szkolnych.<\/strong><\/p>\n<p style=\"padding-left: 40px;\">1. W przypadku utraty orygina\u0142u \u015bwiadectwa rodzice ucznia mog\u0105 wyst\u0105pi\u0107 do dyrektora szko\u0142y z pisemnym wnioskiem o wydanie duplikatu \u015bwiadectwa (<a href=\"http:\/\/zs.wolczyn.pl\/lo\/wp-content\/uploads\/2024\/11\/Zalacznik-nr-2-wniosek-o-duplikat-swiadectwa.pdf\" target=\"_blank\" rel=\"noopener\">za\u0142\u0105cznik nr 2<\/a>) z podaniem przyczyny ubiegania si\u0119 o duplikat oraz okre\u015bleniem:<br \/>\n&#8211; rodzaju \u015bwiadectwa (uko\u0144czenia szko\u0142y\/ klasy),<br \/>\n&#8211; roku uko\u0144czenia szko\u0142y\/ klasy.<br \/>\nZa\u0142\u0105cznik nr 2 do pobrania w sekretariacie szko\u0142y i na stronie internetowej szko\u0142y.<br \/>\n2. Do wniosku nale\u017cy do\u0142\u0105czy\u0107 dow\u00f3d op\u0142aty.<br \/>\n3. Za wydanie duplikatu \u015bwiadectwa szkolnego pobiera si\u0119 op\u0142at\u0119 w wysoko\u015bci r\u00f3wnej kwocie op\u0142aty skarbowej.<br \/>\n4. Termin wykonania duplikatu &#8211; 7 dni (licz\u0105c od dnia z\u0142o\u017cenia wniosku), je\u017celi przed\u0142o\u017cony wniosek zawiera wymagane informacje, a dokumentacja niezb\u0119dna do wystawienia duplikatu znajduje si\u0119 w szkole.<br \/>\n5. Duplikat wystawia si\u0119 na druku obowi\u0105zuj\u0105cym w okresie wystawienia orygina\u0142u lub na formularzu zgodnym z tre\u015bci\u0105 orygina\u0142u \u015bwiadectwa.<br \/>\n6. Duplikat zawiera:<br \/>\n&#8211; wyraz \u201eDuplikat\u201d,<br \/>\n&#8211; dane zgodne z dokumentacj\u0105 szkoln\u0105,<br \/>\n&#8211; pod tekstem nazwiska i imiona os\u00f3b, kt\u00f3re orygina\u0142 podpisa\u0142y lub stwierdzenie ich nieczytelno\u015bci,<br \/>\n&#8211; dat\u0119 wystawienia duplikatu,<br \/>\n&#8211; podpis dyrektora szko\u0142y,<br \/>\n&#8211; piecz\u0119\u0107 urz\u0119dow\u0105.<br \/>\n7. Wypisane tre\u015bci duplikatu zgodnie z tre\u015bci\u0105 orygina\u0142u na podstawie zapis\u00f3w w arkuszu ocen.<br \/>\n8. Umieszczenie w arkuszu ocen adnotacji o wydaniu duplikatu.<br \/>\n9. Duplikat mo\u017ce by\u0107 odebrany osobi\u015bcie przez osob\u0119 zainteresowan\u0105 lub przez inne osoby posiadaj\u0105ce pisemne upowa\u017cnienie do odbioru dokumentu lub wys\u0142any pod wskazany we wniosku adres.<br \/>\n10. Duplikat ma moc orygina\u0142u i mo\u017ce by\u0107 wystawiony ponownie.<\/p>\n<p><strong>IV. Powy\u017csze op\u0142aty nale\u017cy wnosi\u0107 na konto dochod\u00f3w samorz\u0105dowych:<\/strong><\/p>\n<p style=\"padding-left: 40px;\">30 8876 0009 0000 4444 2000 0001<br \/>\nZesp\u00f3\u0142 Szk\u00f3\u0142 w Wo\u0142czynie<br \/>\nul. Rzeczna 6<br \/>\n46-250 Wo\u0142czyn<br \/>\nOp\u0142ata za wydanie duplikatu legitymacji papierowej\/e-legitymacji szkolnej\/ \u015bwiadectwa szkolnego.<\/p>\n<p><a href=\"http:\/\/zs.wolczyn.pl\/lo\/wp-content\/uploads\/2024\/11\/Zalacznik-nr-1-wniosek-o-duplikat-e-legitymacji.pdf\" target=\"_blank\" rel=\"noopener\">za\u0142\u0105cznik nr 1<\/a> &#8211; wniosek o wydanie duplikatu legitymacji papierowej\/e-legitymacji szkolnej\/karty rowerowej<\/p>\n<p><a href=\"http:\/\/zs.wolczyn.pl\/lo\/wp-content\/uploads\/2024\/11\/Zalacznik-nr-2-wniosek-o-duplikat-swiadectwa.pdf\" target=\"_blank\" rel=\"noopener\">za\u0142\u0105cznik nr 2<\/a> &#8211; wniosek o wydanie duplikatu \u015bwiadectwa<\/p>\n","protected":false},"excerpt":{"rendered":"<p>PROCEDURA WYDAWANIA E-LEGITYMCJI, DUPLIKAT\u00d3W LEGITYMACJI PAPIEROWEJ\/E-LEGITYMACJI SZKOLNEJ, KARTY ROWEROWEJ I \u015aWIADECTWA SZKOLNEGO W ZESPOLE SZK\u00d3\u0141 W WO\u0141CZYNIE I. Zasady wydawania e-Legitymacji szkolnej i ich duplikat\u00f3w. 1. E-Legitymacja czyli plastikowa legitymacja <a href=\"http:\/\/zs.wolczyn.pl\/sp\/duplikaty-dokumentow\/\" class=\"read-more\">Czytaj dalej &#8230;<\/a><\/p>\n","protected":false},"author":1,"featured_media":0,"parent":0,"menu_order":0,"comment_status":"closed","ping_status":"closed","template":"","meta":{"footnotes":""},"class_list":["post-9384","page","type-page","status-publish","hentry"],"_links":{"self":[{"href":"http:\/\/zs.wolczyn.pl\/sp\/wp-json\/wp\/v2\/pages\/9384","targetHints":{"allow":["GET"]}}],"collection":[{"href":"http:\/\/zs.wolczyn.pl\/sp\/wp-json\/wp\/v2\/pages"}],"about":[{"href":"http:\/\/zs.wolczyn.pl\/sp\/wp-json\/wp\/v2\/types\/page"}],"author":[{"embeddable":true,"href":"http:\/\/zs.wolczyn.pl\/sp\/wp-json\/wp\/v2\/users\/1"}],"replies":[{"embeddable":true,"href":"http:\/\/zs.wolczyn.pl\/sp\/wp-json\/wp\/v2\/comments?post=9384"}],"version-history":[{"count":0,"href":"http:\/\/zs.wolczyn.pl\/sp\/wp-json\/wp\/v2\/pages\/9384\/revisions"}],"wp:attachment":[{"href":"http:\/\/zs.wolczyn.pl\/sp\/wp-json\/wp\/v2\/media?parent=9384"}],"curies":[{"name":"wp","href":"https:\/\/api.w.org\/{rel}","templated":true}]}}